{"id":57,"date":"2017-10-13T16:03:23","date_gmt":"2017-10-13T16:03:23","guid":{"rendered":"http:\/\/gsamelgatzen.apps-1and1.net\/?page_id=57"},"modified":"2025-12-18T10:38:24","modified_gmt":"2025-12-18T09:38:24","slug":"mittagessen","status":"publish","type":"page","link":"https:\/\/www.gs-amelgatzen.de\/?page_id=57","title":{"rendered":"Mittagessen"},"content":{"rendered":"<p><img loading=\"lazy\" decoding=\"async\" class=\"aligncenter size-large wp-image-15429\" src=\"https:\/\/www.gs-amelgatzen.de\/wp-content\/uploads\/2021\/04\/rui-silvestre-D3lKRy7A_FY-unsplash-1024x829.jpg\" alt=\"\" width=\"656\" height=\"531\" srcset=\"https:\/\/www.gs-amelgatzen.de\/wp-content\/uploads\/2021\/04\/rui-silvestre-D3lKRy7A_FY-unsplash-1024x829.jpg 1024w, https:\/\/www.gs-amelgatzen.de\/wp-content\/uploads\/2021\/04\/rui-silvestre-D3lKRy7A_FY-unsplash-300x243.jpg 300w, https:\/\/www.gs-amelgatzen.de\/wp-content\/uploads\/2021\/04\/rui-silvestre-D3lKRy7A_FY-unsplash-768x622.jpg 768w, https:\/\/www.gs-amelgatzen.de\/wp-content\/uploads\/2021\/04\/rui-silvestre-D3lKRy7A_FY-unsplash-1536x1244.jpg 1536w, https:\/\/www.gs-amelgatzen.de\/wp-content\/uploads\/2021\/04\/rui-silvestre-D3lKRy7A_FY-unsplash-2048x1658.jpg 2048w\" sizes=\"(max-width: 656px) 100vw, 656px\" \/>Liebe Eltern,<\/p>\n<p>im Rahmen der Ganztagbetreuung wird an unserer Schule auch eine warme, abwechslungsreiche Mittagsmahlzeit angeboten.<\/p>\n<p>Wir werden montags bis donnerstags von der BHW-K\u00fcche aus Hameln beliefert.<\/p>\n<p>Ein Essen kostet pro Mahlzeit 3,75\u20ac.<\/p>\n<p>Das Geld wird monatlich von Ihrem Konto abgebucht. Daf\u00fcr ben\u00f6tigen wir von Ihnen eine ausgef\u00fcllte und unterschriebene <a href=\"https:\/\/www.gs-amelgatzen.de\/wp-content\/uploads\/2020\/06\/Scan.pdf\">Einzugserm\u00e4chtigung<\/a>.<\/p>\n<p>Sofern ein Anspruch auf Befreiung von den Kosten f\u00fcr Ausleihe von Lernmitteln besteht, so besteht im Regelfall auch ein Anspruch auf Leistungen f\u00fcr Bildung und Teilhabe. Das betrifft auch die \u00dcbernahme der Kosten f\u00fcr das Schulmittagessen. Der Antrag hierf\u00fcr ist bei der zust\u00e4ndigen Leistungsbeh\u00f6rde zu stellen und wird in Form eines Gutscheines der Schule zur Abrechnung zur Verf\u00fcgung gestellt. Eine Einzugserm\u00e4chtigung ist in diesem Fall nicht zu erbringen.<\/p>\n<p>Falls Ihr Kind krankheitsbedingt nicht am Unterricht\/Ganztagsbetreuung teilnehmen kann, ist es wichtig uns diese Information noch <strong>vor der ersten Schulstunde<\/strong> mitzuteilen. Nur dann k\u00f6nnen wir das vorbestellte Mittagessen f\u00fcr Ihr Kind rechtzeitig in der BHW-K\u00fcche abbestellen. Passiert dieses nicht rechtzeitig, m\u00fcssen wir Ihnen das Geld der Mahlzeit in Rechnung stellen.<\/p>\n<p>Sollte sich Ihre Bankverbindung \u00e4ndern, bitten wir Sie uns dieses ebenfalls schriftlich mitzuteilen.<\/p>\n<p>Am Tag der Zeugnisausgabe findet <strong>keine<\/strong> Ganztagsbetreuung und infolge dessen ebenso <strong>keine<\/strong> Mittagsverpflegung statt.<\/p>\n","protected":false},"excerpt":{"rendered":"<p>Liebe Eltern, im Rahmen der Ganztagbetreuung wird an unserer Schule auch eine warme, abwechslungsreiche Mittagsmahlzeit angeboten. Wir werden montags bis donnerstags von der BHW-K\u00fcche aus Hameln beliefert. Ein Essen kostet pro Mahlzeit 3,75\u20ac. Das Geld wird monatlich von Ihrem Konto abgebucht. Daf\u00fcr ben\u00f6tigen wir von Ihnen eine ausgef\u00fcllte und unterschriebene Einzugserm\u00e4chtigung. Sofern ein Anspruch auf [&hellip;]<\/p>\n","protected":false},"author":2,"featured_media":0,"parent":0,"menu_order":0,"comment_status":"closed","ping_status":"closed","template":"","meta":{"footnotes":""},"_links":{"self":[{"href":"https:\/\/www.gs-amelgatzen.de\/index.php?rest_route=\/wp\/v2\/pages\/57"}],"collection":[{"href":"https:\/\/www.gs-amelgatzen.de\/index.php?rest_route=\/wp\/v2\/pages"}],"about":[{"href":"https:\/\/www.gs-amelgatzen.de\/index.php?rest_route=\/wp\/v2\/types\/page"}],"author":[{"embeddable":true,"href":"https:\/\/www.gs-amelgatzen.de\/index.php?rest_route=\/wp\/v2\/users\/2"}],"replies":[{"embeddable":true,"href":"https:\/\/www.gs-amelgatzen.de\/index.php?rest_route=%2Fwp%2Fv2%2Fcomments&post=57"}],"version-history":[{"count":8,"href":"https:\/\/www.gs-amelgatzen.de\/index.php?rest_route=\/wp\/v2\/pages\/57\/revisions"}],"predecessor-version":[{"id":73041,"href":"https:\/\/www.gs-amelgatzen.de\/index.php?rest_route=\/wp\/v2\/pages\/57\/revisions\/73041"}],"wp:attachment":[{"href":"https:\/\/www.gs-amelgatzen.de\/index.php?rest_route=%2Fwp%2Fv2%2Fmedia&parent=57"}],"curies":[{"name":"wp","href":"https:\/\/api.w.org\/{rel}","templated":true}]}}