{"id":521,"date":"2018-10-24T17:04:23","date_gmt":"2018-10-24T17:04:23","guid":{"rendered":"http:\/\/www.gs-amelgatzen.de\/?page_id=521"},"modified":"2022-06-16T12:45:47","modified_gmt":"2022-06-16T10:45:47","slug":"offene-eingangsstufe","status":"publish","type":"page","link":"https:\/\/www.gs-amelgatzen.de\/?page_id=521","title":{"rendered":"Offene Eingangsstufe"},"content":{"rendered":"<p style=\"text-align: left;\"><strong><img loading=\"lazy\" decoding=\"async\" class=\"aligncenter size-large wp-image-15455\" src=\"https:\/\/www.gs-amelgatzen.de\/wp-content\/uploads\/2021\/04\/ben-white-qDY9ahp0Mto-unsplash-1024x684.jpg\" alt=\"\" width=\"656\" height=\"438\" srcset=\"https:\/\/www.gs-amelgatzen.de\/wp-content\/uploads\/2021\/04\/ben-white-qDY9ahp0Mto-unsplash-1024x684.jpg 1024w, https:\/\/www.gs-amelgatzen.de\/wp-content\/uploads\/2021\/04\/ben-white-qDY9ahp0Mto-unsplash-300x200.jpg 300w, https:\/\/www.gs-amelgatzen.de\/wp-content\/uploads\/2021\/04\/ben-white-qDY9ahp0Mto-unsplash-768x513.jpg 768w, https:\/\/www.gs-amelgatzen.de\/wp-content\/uploads\/2021\/04\/ben-white-qDY9ahp0Mto-unsplash-1536x1025.jpg 1536w, https:\/\/www.gs-amelgatzen.de\/wp-content\/uploads\/2021\/04\/ben-white-qDY9ahp0Mto-unsplash-2048x1367.jpg 2048w\" sizes=\"(max-width: 656px) 100vw, 656px\" \/>Die Arbeit in der Eingangsstufe<\/strong><\/p>\n<p style=\"text-align: left;\">Kinder und Uhren d\u00fcrfen nicht best\u00e4ndig aufgezogen werden; man muss sie auch gehen lassen.\u00a0 (Jean Paul)<\/p>\n<p style=\"text-align: left;\">1. Idee und Ziel<br \/>\n2. Organisation<br \/>\n3. Arbeitsformen<br \/>\n4. Rituale<br \/>\n5. Diagnose, F\u00f6rderung und Differenzierung<br \/>\n6. Kooperation und Teamarbeit<\/p>\n<p style=\"text-align: left;\"><strong><u>Idee und Ziel<\/u><\/strong><\/p>\n<p style=\"text-align: left;\">Ankn\u00fcpfend an die Arbeit im Kindergarten wird auch in der Eingangsstufe in altersgemischten Gruppen gelernt. Die Eingangsstufe bietet eine Reihe von M\u00f6glichkeiten, jedes Kind auf seinem Niveau zu f\u00f6rdern und insbesondere auf das breit gestreute Leistungsspektrum der Schulanf\u00e4nger einzugehen.<\/p>\n<p style=\"text-align: left;\">In unserer Eingangsstufe wollen wir sowohl den unterschiedlichen Lernausgangslagen als auch den unterschiedlichen Lerngeschwindigkeiten der Kinder gerecht werden. Auf diese Weise sollen Frustrationen vermieden werden, das Sitzenbleiben entf\u00e4llt.<\/p>\n<p style=\"text-align: left;\">Ihren Lernfortschritten entsprechend, bleiben die Kinder ein bis drei Jahre in der Eingangsstufe.<\/p>\n<p style=\"text-align: left;\">Durch das gegenseitige Helfen und den Einsatz von Wochenpl\u00e4nen, Lernwerkst\u00e4tten und Freiarbeitsmaterialien f\u00f6rdern wir die Selbstst\u00e4ndigkeit und das selbstbestimmte Lernen.<\/p>\n<p style=\"text-align: left;\">In den F\u00e4chern Mathematik und Deutsch wird der Unterricht stundenweise auch jahrgangsbezogen organisiert. Auf diese Weise k\u00f6nnen neue Unterrichtsinhalte der Jahrgangsstufe gezielt eingef\u00fchrt und gefestigt werden. Dar\u00fcber hinaus lernen sich die zuk\u00fcnftigen Drittkl\u00e4ssler schon vorzeitig als Gruppe kennen, wodurch die sp\u00e4tere Neubildung der 3. Klasse erleichtert wird.<\/p>\n<p style=\"text-align: left;\"><strong><u>Organisation<\/u><\/strong><\/p>\n<p style=\"text-align: left;\">Unsere einz\u00fcgige Grundschule hat zwei Eingangsstufengruppen. Die beiden Klassenlehrer\/-innen bilden ein Team, und achten darauf, m\u00f6glichst viele Veranstaltungen gemeinsam durchzuf\u00fchren.<\/p>\n<p style=\"text-align: left;\">Es gibt feste\u00a0<strong>Lehrer\/-innen<\/strong> f\u00fcr die Eingangsstufe und feste Lehrer\/-innen, die ihre Kinder ab der 3. Klasse begleiten.<\/p>\n<p style=\"text-align: left;\"><strong><u>Arbeitsformen<\/u><\/strong><\/p>\n<p style=\"text-align: left;\">Zum fr\u00fchestm\u00f6glichen Zeitpunkt, sp\u00e4testens aber nach den Herbstferien, beginnt die Arbeit an Wochenpl\u00e4nen, an Stationen und an Werkst\u00e4tten.<\/p>\n<p style=\"text-align: left;\">Mehrmals j\u00e4hrlich finden Lernwerkstatt-Tage statt, an den jahrgangs\u00fcbergreifend von Klasse 1- 4 an verschiedenen Themen gearbeitet wird.<\/p>\n<p style=\"text-align: left;\">Im gesamten Unterricht gilt das Helferprinzip. Dadurch, dass die Kinder die M\u00f6glichkeit erhalten, anderen etwas zu erkl\u00e4ren, festigen sie den Lernstoff.<\/p>\n<p style=\"text-align: left;\"><strong><u>Rituale<\/u><\/strong><\/p>\n<p style=\"text-align: left;\"><em>Rituale im Tagesrhythmus<\/em><\/p>\n<p style=\"text-align: left;\">Gemeinsame Begr\u00fc\u00dfung mit einem Ritual, gemeinsames Fr\u00fchst\u00fcck, Erledigung von Diensten innerhalb der Klassengemeinschaft<\/p>\n<p style=\"text-align: left;\"><em>Rituale im Wochenrhythmus<\/em><\/p>\n<p style=\"text-align: left;\">Einteilung der Klassendienste, Montagserz\u00e4hlkreis, Besuch der B\u00fccherei, Wochenabschlusskreis mit Verlosung des Klassentieres<\/p>\n<p style=\"text-align: left;\">Rituale im Monatsrhythmus<\/p>\n<p style=\"text-align: left;\">Vollversammlungen der gesamten Schulgemeinschaft, Treffen des Sch\u00fclerparlaments<\/p>\n<p style=\"text-align: left;\"><em>Rituale im Jahresrhythmus<\/em><\/p>\n<p style=\"text-align: left;\">Einschulungsfeier, Adventsfeiern, Weihnachtsfeier, Theaterbesuch, Sommerfest, Sponsorenlauf, Projektwochen, Schulgottesdienst<\/p>\n<p style=\"text-align: left;\"><strong><u>Diagnose, F\u00f6rderung und Differenzierung<\/u><\/strong><\/p>\n<p style=\"text-align: left;\"><strong>Diagnose:<\/strong><\/p>\n<ol style=\"text-align: left;\" start=\"1\">\n<li style=\"list-style-type: none;\">\n<ol start=\"1\">\n<li style=\"list-style-type: none;\">\n<ul>\n<li>Sprachfeststellung vor der Einschulung<\/li>\n<li>Dokumentation der Lernausgangslage nach 14 Tagen<\/li>\n<li>Dokumentation der individuellen Lernentwicklung<\/li>\n<li>Sch\u00fclerbegleitb\u00f6gen zum Arbeits- und Sozialverhalten<\/li>\n<li>Sch\u00fclerselbsteinsch\u00e4tzungsb\u00f6gen<\/li>\n<li>Standardisierte Diagnoseinstrumente<\/li>\n<\/ul>\n<\/li>\n<\/ol>\n<\/li>\n<\/ol>\n<p style=\"text-align: left;\"><strong>F\u00f6rderung:<\/strong><\/p>\n<p style=\"text-align: left;\">Ausgehend von der in der Diagnose und den Beobachtungsb\u00f6gen dokumentierten Lernentwicklung wird ein individueller F\u00f6rderplan erstellt und gegebenenfalls F\u00f6rderunterricht erteilt.<\/p>\n<p style=\"text-align: left;\"><strong>Differenzierung: <\/strong><\/p>\n<ol style=\"text-align: left;\" start=\"1\">\n<li style=\"list-style-type: none;\">\n<ol start=\"1\">\n<li style=\"list-style-type: none;\">\n<ul>\n<li>Arbeit im individuellen Lerntempo<\/li>\n<li>Arbeit an Wochenpl\u00e4nen<\/li>\n<li>Differenzierte besondere Aufgaben f\u00fcr leistungsschw\u00e4chere und -st\u00e4rkere Kinder<\/li>\n<li>Arbeit in Gruppen \/ Arbeit in altersgemischten Teams (Zweitkl\u00e4ssler helfen beim Lesen)<\/li>\n<\/ul>\n<\/li>\n<\/ol>\n<\/li>\n<\/ol>\n<p style=\"text-align: left;\">Siehe \u201eKonzept zur F\u00f6rderung des individuellen, selbstst\u00e4ndigen und kooperativen Lernens\u201c<\/p>\n<p style=\"text-align: left;\"><strong><u>Kooperation und Teamarbeit<\/u><\/strong><\/p>\n<p style=\"text-align: left;\"><strong>Kooperation:<\/strong><\/p>\n<p style=\"text-align: left;\">Es bestehen Kooperationsvereinbarungen mit unterschiedlichen Einrichtungen. F\u00fcr die Eingangsstufe ist die Kooperation mit der Kita H\u00e4melschenburg im Rahmen des Bildungshauses besonders relevant. Innerhalb des Kooperationskalenders gibt es mehrere Termine f\u00fcr die zuk\u00fcnftigen Schulanf\u00e4nger, den Unterricht zu besuchen und die Schule kennenzulernen.<\/p>\n<p style=\"text-align: left;\">Die <strong>Eltern<\/strong> werden an einem Info-Abend \u00fcber den Schulbeginn und die Eingangsstufe informiert. Wenige Wochen nach Schulbeginn finden ein Elternabend f\u00fcr die gesamte Lerngruppe statt.<\/p>\n<p style=\"text-align: left;\"><strong>Teamarbeit:<\/strong><\/p>\n<p style=\"text-align: left;\">Die in der Eingangsstufe eingesetzten <strong>Lehrer\/-innen<\/strong> tauschen sich st\u00e4ndig \u00fcber die Entwicklung der Sch\u00fcler aus. Elternabende, Feste und Klassenfahrten werden m\u00f6glichst gemeinsam vorbereitet und durchgef\u00fchrt.<\/p>\n<p style=\"text-align: left;\">Dadurch erreichen wir, dass die Kinder trotz Lehrer- und Lerngruppenwechsel Kontinuit\u00e4t erfahren.<\/p>\n","protected":false},"excerpt":{"rendered":"<p>Die Arbeit in der Eingangsstufe Kinder und Uhren d\u00fcrfen nicht best\u00e4ndig aufgezogen werden; man muss sie auch gehen lassen.\u00a0 (Jean Paul) 1. Idee und Ziel 2. Organisation 3. Arbeitsformen 4. Rituale 5. Diagnose, F\u00f6rderung und Differenzierung 6. Kooperation und Teamarbeit Idee und Ziel Ankn\u00fcpfend an die Arbeit im Kindergarten wird auch in der Eingangsstufe in [&hellip;]<\/p>\n","protected":false},"author":2,"featured_media":0,"parent":0,"menu_order":0,"comment_status":"closed","ping_status":"closed","template":"","meta":{"footnotes":""},"_links":{"self":[{"href":"https:\/\/www.gs-amelgatzen.de\/index.php?rest_route=\/wp\/v2\/pages\/521"}],"collection":[{"href":"https:\/\/www.gs-amelgatzen.de\/index.php?rest_route=\/wp\/v2\/pages"}],"about":[{"href":"https:\/\/www.gs-amelgatzen.de\/index.php?rest_route=\/wp\/v2\/types\/page"}],"author":[{"embeddable":true,"href":"https:\/\/www.gs-amelgatzen.de\/index.php?rest_route=\/wp\/v2\/users\/2"}],"replies":[{"embeddable":true,"href":"https:\/\/www.gs-amelgatzen.de\/index.php?rest_route=%2Fwp%2Fv2%2Fcomments&post=521"}],"version-history":[{"count":33,"href":"https:\/\/www.gs-amelgatzen.de\/index.php?rest_route=\/wp\/v2\/pages\/521\/revisions"}],"predecessor-version":[{"id":70533,"href":"https:\/\/www.gs-amelgatzen.de\/index.php?rest_route=\/wp\/v2\/pages\/521\/revisions\/70533"}],"wp:attachment":[{"href":"https:\/\/www.gs-amelgatzen.de\/index.php?rest_route=%2Fwp%2Fv2%2Fmedia&parent=521"}],"curies":[{"name":"wp","href":"https:\/\/api.w.org\/{rel}","templated":true}]}}