{"id":49,"date":"2017-10-13T16:02:23","date_gmt":"2017-10-13T16:02:23","guid":{"rendered":"http:\/\/gsamelgatzen.apps-1and1.net\/?page_id=49"},"modified":"2026-04-14T20:32:45","modified_gmt":"2026-04-14T18:32:45","slug":"konzepte","status":"publish","type":"page","link":"https:\/\/www.gs-amelgatzen.de\/?page_id=49","title":{"rendered":"Konzepte"},"content":{"rendered":"<p><img loading=\"lazy\" decoding=\"async\" class=\"aligncenter size-large wp-image-15438\" src=\"https:\/\/www.gs-amelgatzen.de\/wp-content\/uploads\/2021\/04\/markus-spiske-RiSAjGsa0vg-unsplash-1024x683.jpg\" alt=\"\" width=\"656\" height=\"438\" srcset=\"https:\/\/www.gs-amelgatzen.de\/wp-content\/uploads\/2021\/04\/markus-spiske-RiSAjGsa0vg-unsplash-1024x683.jpg 1024w, https:\/\/www.gs-amelgatzen.de\/wp-content\/uploads\/2021\/04\/markus-spiske-RiSAjGsa0vg-unsplash-300x200.jpg 300w, https:\/\/www.gs-amelgatzen.de\/wp-content\/uploads\/2021\/04\/markus-spiske-RiSAjGsa0vg-unsplash-768x512.jpg 768w, https:\/\/www.gs-amelgatzen.de\/wp-content\/uploads\/2021\/04\/markus-spiske-RiSAjGsa0vg-unsplash-1536x1024.jpg 1536w, https:\/\/www.gs-amelgatzen.de\/wp-content\/uploads\/2021\/04\/markus-spiske-RiSAjGsa0vg-unsplash-2048x1365.jpg 2048w\" sizes=\"(max-width: 656px) 100vw, 656px\" \/><\/p>\n<p>Konzepte-\u00dcbersicht<\/p>\n<p><a href=\"https:\/\/www.gs-amelgatzen.de\/wp-content\/uploads\/2026\/04\/Ganztagskonzept_fuer_die_omepage.pdf\">Ganztagskonzept<\/a><\/p>\n<p><a href=\"https:\/\/www.gs-amelgatzen.de\/wp-content\/uploads\/2026\/04\/Foerderkonzept-neu-3-2.pdf\">F\u00f6rderkonzept<\/a><\/p>\n<p><a href=\"https:\/\/www.gs-amelgatzen.de\/wp-content\/uploads\/2026\/04\/Kommunikationsleitfaden-3.pdf\">Kommunikationsleitfaden<\/a><\/p>\n<p><a href=\"https:\/\/www.gs-amelgatzen.de\/wp-content\/uploads\/2026\/04\/Schulhund-Konzept.pdf\">Schulhundkonzept<\/a><\/p>\n<p><a href=\"https:\/\/www.gs-amelgatzen.de\/wp-content\/uploads\/2026\/04\/Gesamtkonzept-Schuelerparlament.pdf\">Sch\u00fclerparlament<\/a><\/p>\n\n\n<p><\/p>\n","protected":false},"excerpt":{"rendered":"<p>Konzepte-\u00dcbersicht Ganztagskonzept F\u00f6rderkonzept Kommunikationsleitfaden Schulhundkonzept Sch\u00fclerparlament<\/p>\n","protected":false},"author":2,"featured_media":0,"parent":0,"menu_order":0,"comment_status":"closed","ping_status":"closed","template":"","meta":{"footnotes":""},"_links":{"self":[{"href":"https:\/\/www.gs-amelgatzen.de\/index.php?rest_route=\/wp\/v2\/pages\/49"}],"collection":[{"href":"https:\/\/www.gs-amelgatzen.de\/index.php?rest_route=\/wp\/v2\/pages"}],"about":[{"href":"https:\/\/www.gs-amelgatzen.de\/index.php?rest_route=\/wp\/v2\/types\/page"}],"author":[{"embeddable":true,"href":"https:\/\/www.gs-amelgatzen.de\/index.php?rest_route=\/wp\/v2\/users\/2"}],"replies":[{"embeddable":true,"href":"https:\/\/www.gs-amelgatzen.de\/index.php?rest_route=%2Fwp%2Fv2%2Fcomments&post=49"}],"version-history":[{"count":17,"href":"https:\/\/www.gs-amelgatzen.de\/index.php?rest_route=\/wp\/v2\/pages\/49\/revisions"}],"predecessor-version":[{"id":73179,"href":"https:\/\/www.gs-amelgatzen.de\/index.php?rest_route=\/wp\/v2\/pages\/49\/revisions\/73179"}],"wp:attachment":[{"href":"https:\/\/www.gs-amelgatzen.de\/index.php?rest_route=%2Fwp%2Fv2%2Fmedia&parent=49"}],"curies":[{"name":"wp","href":"https:\/\/api.w.org\/{rel}","templated":true}]}}