{"id":2575,"date":"2020-06-09T08:58:50","date_gmt":"2020-06-09T06:58:50","guid":{"rendered":"https:\/\/www.gs-amelgatzen.de\/?page_id=2575"},"modified":"2024-02-15T14:52:56","modified_gmt":"2024-02-15T13:52:56","slug":"schulbuchausleihe","status":"publish","type":"page","link":"https:\/\/www.gs-amelgatzen.de\/?page_id=2575","title":{"rendered":"Schulbuchausleihe"},"content":{"rendered":"\n<figure class=\"wp-block-image size-full\"><img loading=\"lazy\" decoding=\"async\" width=\"640\" height=\"504\" src=\"https:\/\/www.gs-amelgatzen.de\/wp-content\/uploads\/2024\/02\/books-1943625_640.jpg\" alt=\"\" class=\"wp-image-72722\" srcset=\"https:\/\/www.gs-amelgatzen.de\/wp-content\/uploads\/2024\/02\/books-1943625_640.jpg 640w, https:\/\/www.gs-amelgatzen.de\/wp-content\/uploads\/2024\/02\/books-1943625_640-300x236.jpg 300w\" sizes=\"(max-width: 640px) 100vw, 640px\" \/><\/figure>\n\n\n\n<p><\/p>\n\n\n\n<p><\/p>\n\n\n<p>Nach dem Nieders\u00e4chsischen Gesetz \u00fcber Lernmittelfreiheit haben Eltern die M\u00f6glichkeit, Schulb\u00fccher gegen eine Geb\u00fchr auszuleihen, die fristgerecht \u00fcberwiesen werden muss. Die Geb\u00fchr muss per \u00dcberweisung unter Angabe des richtigen Kassenzeichens erfolgen. Bitte achten Sie darauf, dass Sie das jeweilige Kassenzeichen exakt so eingeben, damit erleichtern Sie uns die richtige Zuordnung Ihrer \u00dcberweisung.<\/p>\n<p>Wir bieten den Eltern unserer Sch\u00fclerinnen und Sch\u00fclern an, die Lehrb\u00fccher in den F\u00e4chern Deutsch und Mathe gegen Zahlung eines Entgelts auszuleihen. Etwa 6 Wochen vor Ende des Schuljahres erhalten Sie dazu einen Brief, in dem Sie \u00fcber die anzuschaffenden Lehrb\u00fccher f\u00fcr das n\u00e4chste Schuljahr und \u00fcber die Ausleihbedingungen und die Leihgeb\u00fchr informiert werden.<\/p>\n<p>Die Sch\u00fclerinnen und Sch\u00fcler haben die ihnen \u00fcberlassenen Lernmittel\/B\u00fccher pfleglich zu behandeln, da diese mindestens drei Jahre f\u00fcr das Ausleihverfahren zur Verf\u00fcgung stehen m\u00fcssen. Sie sind mit einem Schutzumschlag zu versehen (sofern sie nicht schon von der Schule eingeschlagen wurden).<br \/>Bei Verschmutzung oder Verlust ist Ersatz in H\u00f6he des Zeitwertes zu leisten.<\/p>\n<p>Sollten Sie am ersten Ausleihtag Verschmutzungen an den ausgeliehenen B\u00fcchern entdecken, die Sie nicht verursacht haben, teilen Sie dies der Schule bitte schriftlich mit, damit diese sp\u00e4ter nicht zu Ihren Lasten gehen.<\/p>\n<p>Ansprechpartnerin f\u00fcr die Schulbuchausleihe ist Frau Thiele (Schulsekret\u00e4rin).<\/p>\n<h4>\u00a0<\/h4>\n<h3>\u00a0<\/h3>","protected":false},"excerpt":{"rendered":"<p>Nach dem Nieders\u00e4chsischen Gesetz \u00fcber Lernmittelfreiheit haben Eltern die M\u00f6glichkeit, Schulb\u00fccher gegen eine Geb\u00fchr auszuleihen, die fristgerecht \u00fcberwiesen werden muss. Die Geb\u00fchr muss per \u00dcberweisung unter Angabe des richtigen Kassenzeichens erfolgen. Bitte achten Sie darauf, dass Sie das jeweilige Kassenzeichen exakt so eingeben, damit erleichtern Sie uns die richtige Zuordnung Ihrer \u00dcberweisung. Wir bieten den [&hellip;]<\/p>\n","protected":false},"author":2,"featured_media":0,"parent":0,"menu_order":0,"comment_status":"closed","ping_status":"closed","template":"","meta":{"footnotes":""},"_links":{"self":[{"href":"https:\/\/www.gs-amelgatzen.de\/index.php?rest_route=\/wp\/v2\/pages\/2575"}],"collection":[{"href":"https:\/\/www.gs-amelgatzen.de\/index.php?rest_route=\/wp\/v2\/pages"}],"about":[{"href":"https:\/\/www.gs-amelgatzen.de\/index.php?rest_route=\/wp\/v2\/types\/page"}],"author":[{"embeddable":true,"href":"https:\/\/www.gs-amelgatzen.de\/index.php?rest_route=\/wp\/v2\/users\/2"}],"replies":[{"embeddable":true,"href":"https:\/\/www.gs-amelgatzen.de\/index.php?rest_route=%2Fwp%2Fv2%2Fcomments&post=2575"}],"version-history":[{"count":10,"href":"https:\/\/www.gs-amelgatzen.de\/index.php?rest_route=\/wp\/v2\/pages\/2575\/revisions"}],"predecessor-version":[{"id":72723,"href":"https:\/\/www.gs-amelgatzen.de\/index.php?rest_route=\/wp\/v2\/pages\/2575\/revisions\/72723"}],"wp:attachment":[{"href":"https:\/\/www.gs-amelgatzen.de\/index.php?rest_route=%2Fwp%2Fv2%2Fmedia&parent=2575"}],"curies":[{"name":"wp","href":"https:\/\/api.w.org\/{rel}","templated":true}]}}