{"id":253,"date":"2017-12-20T16:30:43","date_gmt":"2017-12-20T16:30:43","guid":{"rendered":"http:\/\/gsamelgatzen.apps-1and1.net\/?page_id=253"},"modified":"2025-11-12T10:28:13","modified_gmt":"2025-11-12T09:28:13","slug":"schulbuecherei","status":"publish","type":"page","link":"https:\/\/www.gs-amelgatzen.de\/?page_id=253","title":{"rendered":"Schulb\u00fccherei"},"content":{"rendered":"<div data-colibri-id=\"253-c1\" class=\"style-559 style-local-253-c1 position-relative\">\n  <!---->\n  <div data-colibri-component=\"section\" data-colibri-id=\"253-c2\" id=\"about-2\" class=\"h-section h-section-global-spacing d-flex align-items-lg-center align-items-md-center align-items-center style-571 style-local-253-c2 position-relative\">\n    <!---->\n    <!---->\n    <div class=\"h-section-grid-container h-section-boxed-container\">\n      <!---->\n      <div data-colibri-id=\"253-c3\" class=\"h-row-container gutters-row-lg-2 gutters-row-md-2 gutters-row-0 gutters-row-v-lg-2 gutters-row-v-md-2 gutters-row-v-2 style-592 style-local-253-c3 position-relative\">\n        <!---->\n        <div class=\"h-row justify-content-lg-center justify-content-md-center justify-content-center align-items-lg-stretch align-items-md-stretch align-items-stretch gutters-col-lg-2 gutters-col-md-2 gutters-col-0 gutters-col-v-lg-2 gutters-col-v-md-2 gutters-col-v-2\">\n          <!---->\n          <div class=\"h-column h-column-container d-flex h-col-lg-auto h-col-md-auto h-col-auto style-593-outer style-local-253-c4-outer\">\n            <div data-colibri-id=\"253-c4\" class=\"d-flex h-flex-basis h-column__inner h-ui-empty-state-container h-px-lg-2 h-px-md-2 h-px-2 v-inner-lg-2 v-inner-md-2 v-inner-2 style-593 style-local-253-c4 position-relative\">\n              <!---->\n              <!---->\n              <div class=\"w-100 h-y-container h-column__content h-column__v-align flex-basis-100\">\n                <!---->\n              <\/div>\n            <\/div>\n          <\/div>\n        <\/div>\n      <\/div>\n    <\/div>\n  <\/div>\n  <div data-colibri-component=\"section\" data-colibri-id=\"253-c5\" id=\"about\" class=\"h-section h-section-global-spacing d-flex align-items-lg-center align-items-md-center align-items-center style-1372 style-local-253-c5 position-relative\">\n    <!---->\n    <!---->\n    <div class=\"h-section-grid-container h-section-boxed-container\">\n      <!---->\n      <div data-colibri-id=\"253-c6\" class=\"h-row-container gutters-row-lg-0 gutters-row-md-0 gutters-row-0 gutters-row-v-lg-0 gutters-row-v-md-0 gutters-row-v-0 style-1373 style-local-253-c6 position-relative\">\n        <!---->\n        <div class=\"h-row justify-content-lg-center justify-content-md-center justify-content-center align-items-lg-stretch align-items-md-stretch align-items-stretch gutters-col-lg-0 gutters-col-md-0 gutters-col-0 gutters-col-v-lg-0 gutters-col-v-md-0 gutters-col-v-0\">\n          <!---->\n          <div class=\"h-column h-column-container d-flex h-col-lg-auto h-col-md-auto h-col-auto style-1374-outer style-local-253-c7-outer\">\n            <div data-colibri-id=\"253-c7\" class=\"d-flex h-flex-basis h-column__inner h-px-lg-0 h-px-md-0 h-px-0 v-inner-lg-0 v-inner-md-0 v-inner-0 style-1374 style-local-253-c7 position-relative\">\n              <!---->\n              <!---->\n              <div class=\"w-100 h-y-container h-column__content h-column__v-align flex-basis-100 align-self-lg-start align-self-md-start align-self-start\">\n                <!---->\n                <div data-colibri-id=\"253-c8\" class=\"h-global-transition-all h-heading style-1376 style-local-253-c8 position-relative h-element\">\n                  <!---->\n                  <div class=\"h-heading__outer style-1376 style-local-253-c8\">\n                    <!---->\n                    <!---->\n                    <h2 class=\"\">Liest du gerne? <\/h2>\n                  <\/div>\n                <\/div>\n                <div data-colibri-id=\"253-c9\" class=\"h-text h-text-component style-1377 style-local-253-c9 position-relative h-element\">\n                  <!---->\n                  <!---->\n                  <div class=\"\">\n                    <p>Dann bist du herzlich eingeladen in unsere B\u00fccherei!<\/p>\n                    <p>Jeden Montag in der ersten gro\u00dfen Pause steht die B\u00fccherei f\u00fcr dich zum Lesen, Schm\u00f6kern, Ruhe genie\u00dfen und Malen offen.<\/p>\n                    <p>Du kannst dir jederzeit ein Buch ausleihen und es ungef\u00e4hr f\u00fcr zwei Wochen behalten. Dann gibst du es einfach wieder in der B\u00fccherei ab und kannst dir ein neues Buch ausleihen. Wenn du schneller bist, kannst du dein Buch auch jederzeit\n                      zwischendurch bei mir abgeben.<\/p>\n                    <p>Und wenn du mal f\u00fcr eine lange Zeit vergessen solltest, dein Buch zur\u00fcckzubringen, dann erinnert dich die Eulenpost daran. Das ist kein Drama und \u00fcberhaupt nicht schlimm.<\/p>\n                    <p>Mindestens einmal im Jahr gibt es einen Schwung neuer B\u00fccher und viele Kinder melden das ganze Jahr W\u00fcnsche daf\u00fcr an\u2026<\/p>\n                    <p>Manchmal gibt es besondere Aktionen in der B\u00fccherei. Dann achte einfach auf Plakate mit der Eule!<\/p>\n                    <p>\n                      <br>\n                    <\/p>\n                  <\/div>\n                <\/div>\n              <\/div>\n            <\/div>\n          <\/div>\n          <div class=\"h-column h-column-container d-flex h-col-lg-auto h-col-md-auto h-col-auto style-1378-outer style-local-253-c10-outer\">\n            <div data-colibri-id=\"253-c10\" class=\"d-flex h-flex-basis h-column__inner h-px-lg-0 h-px-md-0 h-px-0 v-inner-lg-0 v-inner-md-0 v-inner-0 style-1378 style-local-253-c10 position-relative\">\n              <!---->\n              <!---->\n              <div class=\"w-100 h-y-container h-column__content h-column__v-align flex-basis-100 align-self-lg-center align-self-md-center align-self-start\">\n                <!---->\n                <div data-colibri-id=\"253-c11\" class=\"d-block style-591 style-local-253-c11 position-relative h-element\">\n                  <!---->\n                  <div class=\"h-image__frame-container-outer\">\n                    <div class=\"h-image__frame-container\">\n                      <!---->\n                      <!---->\n                      <img loading=\"lazy\" decoding=\"async\" width=\"569\" height=\"696\" src=\"https:\/\/www.gs-amelgatzen.de\/wp-content\/uploads\/2023\/03\/cropped-cropped-cropped-2020-06-29-antolin.png\" class=\"wp-image-71376 style-591-image style-local-253-c11-image\" alt=\"\" srcset=\"https:\/\/www.gs-amelgatzen.de\/wp-content\/uploads\/2023\/03\/cropped-cropped-cropped-2020-06-29-antolin.png 569w, https:\/\/www.gs-amelgatzen.de\/wp-content\/uploads\/2023\/03\/cropped-cropped-cropped-2020-06-29-antolin-245x300.png 245w\" sizes=\"(max-width: 569px) 100vw, 569px\" \/>\n                      <div class=\"h-image__frame h-hide-lg h-hide-md h-hide-sm style-591-frameImage style-local-253-c11-frameImage\"><\/div>\n                    <\/div>\n                  <\/div>\n                <\/div>\n              <\/div>\n            <\/div>\n          <\/div>\n        <\/div>\n      <\/div>\n    <\/div>\n  <\/div>\n<\/div>","protected":false},"excerpt":{"rendered":"<p>Liest du gerne? Dann bist du herzlich eingeladen in unsere B\u00fccherei! Jeden Montag in der ersten gro\u00dfen Pause steht die B\u00fccherei f\u00fcr dich zum Lesen, Schm\u00f6kern, Ruhe genie\u00dfen und Malen offen. Du kannst dir jederzeit ein Buch ausleihen und es ungef\u00e4hr f\u00fcr zwei Wochen behalten. Dann gibst du es einfach wieder in der B\u00fccherei ab [&hellip;]<\/p>\n","protected":false},"author":2,"featured_media":0,"parent":0,"menu_order":0,"comment_status":"closed","ping_status":"closed","template":"page-templates\/full-width-page.php","meta":{"footnotes":""},"_links":{"self":[{"href":"https:\/\/www.gs-amelgatzen.de\/index.php?rest_route=\/wp\/v2\/pages\/253"}],"collection":[{"href":"https:\/\/www.gs-amelgatzen.de\/index.php?rest_route=\/wp\/v2\/pages"}],"about":[{"href":"https:\/\/www.gs-amelgatzen.de\/index.php?rest_route=\/wp\/v2\/types\/page"}],"author":[{"embeddable":true,"href":"https:\/\/www.gs-amelgatzen.de\/index.php?rest_route=\/wp\/v2\/users\/2"}],"replies":[{"embeddable":true,"href":"https:\/\/www.gs-amelgatzen.de\/index.php?rest_route=%2Fwp%2Fv2%2Fcomments&post=253"}],"version-history":[{"count":17,"href":"https:\/\/www.gs-amelgatzen.de\/index.php?rest_route=\/wp\/v2\/pages\/253\/revisions"}],"predecessor-version":[{"id":73000,"href":"https:\/\/www.gs-amelgatzen.de\/index.php?rest_route=\/wp\/v2\/pages\/253\/revisions\/73000"}],"wp:attachment":[{"href":"https:\/\/www.gs-amelgatzen.de\/index.php?rest_route=%2Fwp%2Fv2%2Fmedia&parent=253"}],"curies":[{"name":"wp","href":"https:\/\/api.w.org\/{rel}","templated":true}]}}