{"id":245,"date":"2017-12-20T09:54:54","date_gmt":"2017-12-20T09:54:54","guid":{"rendered":"http:\/\/gsamelgatzen.apps-1and1.net\/?page_id=245"},"modified":"2025-03-24T13:07:38","modified_gmt":"2025-03-24T12:07:38","slug":"ueber-uns","status":"publish","type":"page","link":"https:\/\/www.gs-amelgatzen.de\/?page_id=245","title":{"rendered":"\u00dcber uns"},"content":{"rendered":"<p>Liebe Freunde der Grundschule Amelgatzen,<\/p>\n<p>wir freuen uns, Ihnen auf dieser Seite einen kleinen Einblick in die Arbeit des F\u00f6rdervereins zu geben.<\/p>\n<p>Seit dem Herbst 2024 sind wir Ihr neuer Vorstand des F\u00f6rdervereins der Grundschule Amelgatzen und freuen auf die Arbeit die vor uns liegt!<\/p>\n<p>Mit Ihren Mitgliedsbeitr\u00e4ge und Spenden an den F\u00f6rderverein haben wir die gro\u00dfartige M\u00f6glichkeit, unsere Grundschule und damit alle Sch\u00fclerinnen und Sch\u00fcler zu unterst\u00fctzen.<\/p>\n<p>In der Vergangenheit wurden beispielsweise das \u201eTrommelprojekt\u201c, Preise f\u00fcr das Leseprojekt Antolin, Pausenspielger\u00e4te und die Schul T-Shirts unterst\u00fctzt.<\/p>\n<p>Auch in diesem Schuljahr 2024\/25 leisten wir einen Beitrag zum Schulobst, das den Kindern in den Pausen kostenfrei zur Verf\u00fcgung steht. Weiterhin haben wir bereits die Anschaffung von 4 Tablets f\u00fcr unsere neue \u201eL\u00f6wenklasse\u201c finanziert.<\/p>\n<p>Sie sind noch kein Mitglied im F\u00f6rderverein?<\/p>\n<p>Kein Problem!<\/p>\n<p>Einfach auf den Link klicken, Beitrittserkl\u00e4rung ausf\u00fcllen und im Sekretariat der Schule abgeben. Und schon sind Sie auch dabei!<\/p>\n<p>Bei Fragen, W\u00fcnschen und Ideen f\u00fcr Investitionen oder Projekte, melden Sie sich gerne direkt bei uns.<\/p>\n<p>Herzliche Gr\u00fc\u00dfe<\/p>\n<p><img loading=\"lazy\" decoding=\"async\" class=\"aligncenter size-large wp-image-72857\" src=\"https:\/\/www.gs-amelgatzen.de\/wp-content\/uploads\/2025\/03\/2024_Vorstand_Foerderverein-VGS-Amelgatzen-1024x768.jpg\" alt=\"\" width=\"1024\" height=\"768\" srcset=\"https:\/\/www.gs-amelgatzen.de\/wp-content\/uploads\/2025\/03\/2024_Vorstand_Foerderverein-VGS-Amelgatzen-1024x768.jpg 1024w, https:\/\/www.gs-amelgatzen.de\/wp-content\/uploads\/2025\/03\/2024_Vorstand_Foerderverein-VGS-Amelgatzen-300x225.jpg 300w, https:\/\/www.gs-amelgatzen.de\/wp-content\/uploads\/2025\/03\/2024_Vorstand_Foerderverein-VGS-Amelgatzen-768x576.jpg 768w, https:\/\/www.gs-amelgatzen.de\/wp-content\/uploads\/2025\/03\/2024_Vorstand_Foerderverein-VGS-Amelgatzen-1536x1152.jpg 1536w, https:\/\/www.gs-amelgatzen.de\/wp-content\/uploads\/2025\/03\/2024_Vorstand_Foerderverein-VGS-Amelgatzen.jpg 2048w\" sizes=\"(max-width: 1024px) 100vw, 1024px\" \/><\/p>\n<p>Von links nach rechts:<\/p>\n<p>Frank Hanning (Kassenwart), Elisa Below (Kassenpr\u00fcferin), Manuel Wicke (Kassenpr\u00fcfer), Daniela Honka (1. Vorsitzende), Izabela Wicke (2. Vorsitzende)<\/p>\n<p>Ihr Vorstand des F\u00f6rdervereins der VGS Amelgatzen e.V.<\/p>\n<p>Kontakt: <a href=\"mailto:foerderverein@grundschule-amelgatzen.de\">foerderverein@grundschule-amelgatzen.de<\/a><\/p>\n<ol>\n<li>Vorsitzende, Daniela Honka<\/li>\n<li>Vorsitzende, Izabela Wicke<\/li>\n<\/ol>\n<p><a href=\"http:\/\/gsamelgatzen.apps-1and1.net\/wp-content\/uploads\/2017\/12\/Beitrittserkl\u00e4rung_F\u00f6rderverein-IBAN.pdf\">Werden auch Sie Mitglied!!! Hier geht es zum Anmeldeformular.<\/a><\/p>\n","protected":false},"excerpt":{"rendered":"<p>Liebe Freunde der Grundschule Amelgatzen, wir freuen uns, Ihnen auf dieser Seite einen kleinen Einblick in die Arbeit des F\u00f6rdervereins zu geben. Seit dem Herbst 2024 sind wir Ihr neuer Vorstand des F\u00f6rdervereins der Grundschule Amelgatzen und freuen auf die Arbeit die vor uns liegt! Mit Ihren Mitgliedsbeitr\u00e4ge und Spenden an den F\u00f6rderverein haben wir [&hellip;]<\/p>\n","protected":false},"author":2,"featured_media":0,"parent":0,"menu_order":0,"comment_status":"closed","ping_status":"closed","template":"","meta":{"footnotes":""},"_links":{"self":[{"href":"https:\/\/www.gs-amelgatzen.de\/index.php?rest_route=\/wp\/v2\/pages\/245"}],"collection":[{"href":"https:\/\/www.gs-amelgatzen.de\/index.php?rest_route=\/wp\/v2\/pages"}],"about":[{"href":"https:\/\/www.gs-amelgatzen.de\/index.php?rest_route=\/wp\/v2\/types\/page"}],"author":[{"embeddable":true,"href":"https:\/\/www.gs-amelgatzen.de\/index.php?rest_route=\/wp\/v2\/users\/2"}],"replies":[{"embeddable":true,"href":"https:\/\/www.gs-amelgatzen.de\/index.php?rest_route=%2Fwp%2Fv2%2Fcomments&post=245"}],"version-history":[{"count":5,"href":"https:\/\/www.gs-amelgatzen.de\/index.php?rest_route=\/wp\/v2\/pages\/245\/revisions"}],"predecessor-version":[{"id":72858,"href":"https:\/\/www.gs-amelgatzen.de\/index.php?rest_route=\/wp\/v2\/pages\/245\/revisions\/72858"}],"wp:attachment":[{"href":"https:\/\/www.gs-amelgatzen.de\/index.php?rest_route=%2Fwp%2Fv2%2Fmedia&parent=245"}],"curies":[{"name":"wp","href":"https:\/\/api.w.org\/{rel}","templated":true}]}}