{"id":203,"date":"2017-12-15T09:43:46","date_gmt":"2017-12-15T09:43:46","guid":{"rendered":"http:\/\/gsamelgatzen.apps-1and1.net\/?page_id=203"},"modified":"2020-06-12T21:24:04","modified_gmt":"2020-06-12T19:24:04","slug":"laeuse-info","status":"publish","type":"page","link":"https:\/\/www.gs-amelgatzen.de\/?page_id=203","title":{"rendered":"L\u00e4use-Info"},"content":{"rendered":"<header class=\"entry-header\">\n<h1 class=\"entry-title\">L\u00e4use \u2013 was tun?<\/h1>\n<\/header>\n<div class=\"entry-content\">\n<p>Sie treten immer wieder auf, auch an unserer Grundschule sind sie st\u00e4ndige G\u00e4ste. Wir m\u00f6chten unsere Grundschule frei machen von den Kopfl\u00e4usen, dazu brauchen wir jedoch Ihre Mithilfe.<\/p>\n<p><strong>Kopfl\u00e4use sind kein Beinbruch und kein Grund zur Panik!<br \/>\n<\/strong><\/p>\n<p>Sie \u00fcbertragen keine Krankheiten, sind aber unangenehm und l\u00e4stig. Vor allem in Gemeinschaftseinrichtungen wie Schulen oder Kindertagesst\u00e4tten, wo Kinder t\u00e4glich in engem Kontakt sind, verbreiten sie sich leicht weiter und sorgen oft f\u00fcr Aufregung.<\/p>\n<p>Sollten Sie an Ihrem Kind L\u00e4use feststellen, so gehen Sie bitte sofort mit Ihrem Kind zum Arzt.<\/p>\n<p>Erst wenn der Arzt best\u00e4tigt, dass Ihr Kind \u201elausfrei\u201c ist darf Ihr Kind wieder in die Grundschule.<\/p>\n<p>In der Brosch\u00fcre \u201e<a href=\"https:\/\/www.bzga.de\/pdf.php?id=1f2b4df3e570eaaeaf9d2c7c47ca1c85\">Kopfl\u00e4use \u2013 was tun?<\/a>\u201c erfahren Sie unter anderem, was bei Kopflausbefall zu beachten ist, und wie Sie die L\u00e4use mit hoher Wahrscheinlichkeit schnell wieder loswerden.<br \/>\nSie k\u00f6nnen diese Brosch\u00fcre <a href=\"https:\/\/www.bzga.de\/pdf.php?id=1f2b4df3e570eaaeaf9d2c7c47ca1c85\">hier<\/a> herunterladen oder sich im Sekretariat unserer Grundschule aush\u00e4ndigen lassen.<\/p>\n<p><strong>Hier das wesentliche aus der Brosch\u00fcre:<\/strong><\/p>\n<p><strong>Woran erkennt man, dass man Kopfl\u00e4use hat? <\/strong><\/p>\n<p>Sp\u00e4testens, wenn die Kopfhaut stark juckt, sollte nachgeschaut werden, ob die kleinen Blutsauger Sie als neues Opfer auserkoren haben. Aber auch wenn sich noch nichts bemerkbar macht: Sobald wir Sie \u00fcber einen Kopflausbefall in der Klasse Ihres Kindes benachrichtigen, sollten Sie unbedingt die K\u00f6pfe aller Familienmitglieder genau kontrollieren.<\/p>\n<p>Zur Untersuchung des Kopfes verwenden Sie am besten einen so genannten L\u00e4usekamm und k\u00e4mmen ausgehend vom Haaransatz sorgf\u00e4ltig Str\u00e4hne f\u00fcr Str\u00e4hne bis zu den Haarspitzen durch. Die<br \/>\nVerwendung einer Pflegesp\u00fclung erleichtert das Durchk\u00e4mmen mit dem feinen Kamm und hindert die L\u00e4use gegebenenfalls am Weglaufen.<br \/>\nDanach streichen Sie den Kamm auf einem Tuch oder K\u00fcchenpapier aus. Bei Befall finden sich darauf Kopfl\u00e4use und\/oder ihre etwas kleineren Larven (also die noch nicht ausgewachsenen L\u00e4use) sowie Nissen.<\/p>\n<p><strong>Wie wird man die Kopfl\u00e4use wieder los<\/strong>?<\/p>\n<p>Die optimale Behandlung besteht in einer Kombination aus der Anwendung eines zugelassenen Arzneimittels und dem Ausk\u00e4mmen mit Haarpflegesp\u00fclung mit Hilfe eines L\u00e4usekamm.s<\/p>\n<p><strong>1. Behandlung mit einem zugelassenen Arzneimittel<\/strong><\/p>\n<p>Mit einem \u00e4rztlichen Rezept \u00fcbernimmt die Krankenkasse die Kosten!<\/p>\n<p>Um sicher zustellen, dass die Behandlung erfolgreich wird, ist es unbedingt notwendig, am Tag 8, 9 oder 10 nach der Erstbehandlung (= Tag 1) eine <strong>Wiederholungsbehandlung<\/strong> durchzuf\u00fchren. Bei der zweiten Behandlung werden nun alle Larven vernichtet, die seit der ersten Kopfw\u00e4sche geschl\u00fcpft sind.<\/p>\n<p><strong>Achtung! Anwendungsfehler stellen den Erfolg der Behandlung oftmals in Frage!<br \/>\n<\/strong><br \/>\nAnwendungsfehler k\u00f6nnen sein:<br \/>\n\u2013 zu kurze Einwirkzeiten<br \/>\n\u2013 zu sparsames Ausbringen des Mittels<br \/>\n\u2013 ungleichm\u00e4\u00dfige Verteilung des Mittels<br \/>\n\u2013 eine zu starke Verd\u00fcnnung des Mittels auf klatschnassem Haar<br \/>\n\u2013 das Unterlassen der Wiederholungsbehandlung<br \/>\n\u2013 zu fr\u00fche oder zu sp\u00e4te Wiederholungsbehandlung<\/p>\n<p><strong>2. Nasses Ausk\u00e4mmen mit Pflegesp\u00fclung und L\u00e4usekamm <\/strong><\/p>\n<p>Zus\u00e4tzlich zur Behandlung mit L\u00e4usemittel sollte das Haar <strong>alle vier Tage <\/strong>(an den<br \/>\nTagen 1, 5, 9 und 13) nass ausgek\u00e4mmt werden, um eventuell nachgeschl\u00fcpfte Larven zu entfernen. Tragen Sie hierzu eine gew\u00f6hnliche Haarpflegesp\u00fclung auf und k\u00e4mmen das Haar sorgf\u00e4ltig aus.<\/p>\n<p><strong>Was kann man sonst noch tun? <\/strong><\/p>\n<p>Werden auch auf dem Kopf eines Familienmitglieds L\u00e4use, Larven oder entwicklungsf\u00e4hige Eier gefunden,<br \/>\nsollten Sie alle anderen Familienmitglieder sorgf\u00e4ltig kontrolliert werden. Meist haben sich die Kopfl\u00e4use dann bereits innerhalb der Familie auch auf anderen K\u00f6pfen bereits h\u00e4uslich niedergelassen.<br \/>\n<strong>Nur wenn alle behandelt werden, ist ein Wiederbefall ausgeschlossen!<\/strong><\/p>\n<p><strong>Welche Reinigungsma\u00dfnahmen sind zus\u00e4tzlich n\u00f6tig? <\/strong><\/p>\n<p>Um ganz sicher zu gehen, dass alle L\u00e4use abget\u00f6tet wurden, sollte erg\u00e4nzend zur Behandlung Ihres Kindes gleich <strong>mit Beginn der ersten Behandlung<\/strong><br \/>\nauch Textilien sowie Gebrauchsgegenst\u00e4nde, die mit dem Kopfhaar in Ber\u00fchrung kommen, gr\u00fcndlich gereinigt werden:<\/p>\n<p>\u2013 K\u00e4mme und Haarb\u00fcrsten in hei\u00dfer Seifenl\u00f6sung gr\u00fcndlich reinigen (am besten mit einer Handwaschb\u00fcrste oder einer alten Zahnb\u00fcrste)<\/p>\n<p>\u2013 Handt\u00fccher, Leib- und Bettw\u00e4sche sowie Schlafanz\u00fcge wechseln und bei mindestens 60 \u00b0C waschen<\/p>\n<p>\u2013 M\u00fctzen, Schals, Decken, Kopfkissen, Kuscheltiere und weitere Gegenst\u00e4nde, auf die Kopfl\u00e4use gelangt<br \/>\nsein k\u00f6nnten, entweder ebenfalls bei 60 \u00b0C waschen oder f\u00fcr drei Tage in einer gut verschlossenen Plastikt\u00fcte (bzw. f\u00fcr zwei Tage bei einer Temperatur unter -10 \u00b0C) aufbewahren.<\/p>\n<p>Damit Sie und Ihr Kind ohne die l\u00e4stigen Tierchen leben k\u00f6nnen.<\/p>\n<\/div>\n<p>F\u00fcr den Fall, dass L\u00e4use an unserer Schule festgestellt worden sind, erhalten Sie hier einen Flyer &#8222;<a href=\"https:\/\/www.gs-amelgatzen.de\/wp-content\/uploads\/2020\/06\/La\u0308useinformationen.pdf\">L\u00e4use festgestellt &#8211; das sollten Sie tun!<\/a>&#8220; Wir bitten Sie, nach der \u00dcberpr\u00fcfung Ihres Kindes auf Kopfl\u00e4use, den darin enthaltenen Abschnitt auszuf\u00fcllen und beim jeweiligen Klassenlehrer abzugeben.<\/p>\n<div class=\"entry-content\">\n<p>Benjamin Werle, Rektor<br \/>\nSchulleiter der Grundschule Amelgatzen<\/p>\n<\/div>\n","protected":false},"excerpt":{"rendered":"<p>L\u00e4use \u2013 was tun? Sie treten immer wieder auf, auch an unserer Grundschule sind sie st\u00e4ndige G\u00e4ste. Wir m\u00f6chten unsere Grundschule frei machen von den Kopfl\u00e4usen, dazu brauchen wir jedoch Ihre Mithilfe. Kopfl\u00e4use sind kein Beinbruch und kein Grund zur Panik! Sie \u00fcbertragen keine Krankheiten, sind aber unangenehm und l\u00e4stig. Vor allem in Gemeinschaftseinrichtungen wie [&hellip;]<\/p>\n","protected":false},"author":2,"featured_media":0,"parent":0,"menu_order":0,"comment_status":"closed","ping_status":"closed","template":"","meta":{"footnotes":""},"_links":{"self":[{"href":"https:\/\/www.gs-amelgatzen.de\/index.php?rest_route=\/wp\/v2\/pages\/203"}],"collection":[{"href":"https:\/\/www.gs-amelgatzen.de\/index.php?rest_route=\/wp\/v2\/pages"}],"about":[{"href":"https:\/\/www.gs-amelgatzen.de\/index.php?rest_route=\/wp\/v2\/types\/page"}],"author":[{"embeddable":true,"href":"https:\/\/www.gs-amelgatzen.de\/index.php?rest_route=\/wp\/v2\/users\/2"}],"replies":[{"embeddable":true,"href":"https:\/\/www.gs-amelgatzen.de\/index.php?rest_route=%2Fwp%2Fv2%2Fcomments&post=203"}],"version-history":[{"count":6,"href":"https:\/\/www.gs-amelgatzen.de\/index.php?rest_route=\/wp\/v2\/pages\/203\/revisions"}],"predecessor-version":[{"id":2665,"href":"https:\/\/www.gs-amelgatzen.de\/index.php?rest_route=\/wp\/v2\/pages\/203\/revisions\/2665"}],"wp:attachment":[{"href":"https:\/\/www.gs-amelgatzen.de\/index.php?rest_route=%2Fwp%2Fv2%2Fmedia&parent=203"}],"curies":[{"name":"wp","href":"https:\/\/api.w.org\/{rel}","templated":true}]}}