{"id":1569,"date":"2020-02-11T12:08:09","date_gmt":"2020-02-11T12:08:09","guid":{"rendered":"http:\/\/www.gs-amelgatzen.de\/?page_id=1569"},"modified":"2021-03-27T10:48:28","modified_gmt":"2021-03-27T09:48:28","slug":"schulausfall","status":"publish","type":"page","link":"https:\/\/www.gs-amelgatzen.de\/?page_id=1569","title":{"rendered":"Schulausfall"},"content":{"rendered":"<h1><span style=\"color: #ff0000;\"><strong><a style=\"color: #ff0000;\" href=\"http:\/\/www.grundschule-aerzen.de\/index.php\/aktuelles\/zusaetzliche-wichtige-infos\/145-unwetter-schulausfall\">Unwetter? Schulausfall?<\/a> <\/strong><\/span><\/h1>\n<p>Durch widrige Wetterbedingungen kann es &#8211; besonders in der Herbst- und Winterzeit &#8211; vorkommen, dass der Schulunterricht entf\u00e4llt. Dies geschieht, um eine Gef\u00e4hrdung der Sch\u00fclerinnen und Sch\u00fcler auf dem Schul- oder Heimweg durch Eis- und Schneegl\u00e4tte oder starken Sturm auszuschlie\u00dfen. Die Entscheidung \u00fcber einen Unterrichtsausfall trifft bei uns der Landkreis Hameln-Pyrmont, als Tr\u00e4ger der Sch\u00fclerbef\u00f6rderung. Sobald eine solche Entscheidung getroffen wurde, werden die Schultr\u00e4ger informiert, welche wiederum die Schulen benachrichtigen. Wird in der Nacht bzw. am fr\u00fchen Morgen entschieden, bedeutet dies, dass viele Sch\u00fcler bereits auf dem Weg in die Schule sind, wenn dort die Benachrichtigung eintrifft. Daher sollten Sie bei widrigen Witterungsbedingungen unbedingt morgens das Radio einschalten und auf diesbez\u00fcgliche Hinweise achten.<\/p>\n<p>Um missverst\u00e4ndlichen Formulierungen in diesen Durchsagen bzw. Anzeigen vorzubeugen, hier noch der Hinweis, dass die Grundschulen zu den Allgemeinbildenden Schulen geh\u00f6ren.<\/p>\n<p><strong>Unabh\u00e4ngig aller Entscheidungen der Schule, des Schultr\u00e4gers oder des Landkreises entscheiden Sie als Eltern grunds\u00e4tzlich, ob Sie Ihr Kind bei gef\u00e4hrlichen Witterungsbedingungen zur Schule schicken. Wir bitten jedoch darum, dass Sie uns benachrichtigen, wenn Sie Ihr Kind aus den o.g. Gr\u00fcnden nicht zur Schule schicken.<\/strong><\/p>\n<p>Bei drohenden Unwettern kann es auch passieren, dass die Schule vorzeitig endet, damit die Sch\u00fclerinnen und Sch\u00fcler rechtzeitig unbeschadet nach Hause gelangen k\u00f6nnen. Wir aktivieren in diesem Fall die Telefonketten, um Sie zu benachrichtigen. Sch\u00fcler und Sch\u00fclerinnen bei denen nicht zweifelsfrei gekl\u00e4rt ist, dass sie nach Hause gehen k\u00f6nnen, bleiben in der Schule.<\/p>\n<p>Weitere Informationen erhalten Sie auf der <a href=\"https:\/\/www.hameln-pyrmont.de\/Wir-f%C3%BCr-Sie\/Service\/Dienstleistungen\/Schulausfall.php?object=tx,2561.2.1&amp;ModID=10&amp;FID=2561.1261.1&amp;NavID=2561.44&amp;La=1&amp;ort=\">Homepage<\/a> des Landkreises Hameln-Pyrmont<\/p>\n","protected":false},"excerpt":{"rendered":"<p>Unwetter? Schulausfall? Durch widrige Wetterbedingungen kann es &#8211; besonders in der Herbst- und Winterzeit &#8211; vorkommen, dass der Schulunterricht entf\u00e4llt. Dies geschieht, um eine Gef\u00e4hrdung der Sch\u00fclerinnen und Sch\u00fcler auf dem Schul- oder Heimweg durch Eis- und Schneegl\u00e4tte oder starken Sturm auszuschlie\u00dfen. Die Entscheidung \u00fcber einen Unterrichtsausfall trifft bei uns der Landkreis Hameln-Pyrmont, als Tr\u00e4ger [&hellip;]<\/p>\n","protected":false},"author":5,"featured_media":0,"parent":0,"menu_order":0,"comment_status":"closed","ping_status":"closed","template":"","meta":{"footnotes":""},"_links":{"self":[{"href":"https:\/\/www.gs-amelgatzen.de\/index.php?rest_route=\/wp\/v2\/pages\/1569"}],"collection":[{"href":"https:\/\/www.gs-amelgatzen.de\/index.php?rest_route=\/wp\/v2\/pages"}],"about":[{"href":"https:\/\/www.gs-amelgatzen.de\/index.php?rest_route=\/wp\/v2\/types\/page"}],"author":[{"embeddable":true,"href":"https:\/\/www.gs-amelgatzen.de\/index.php?rest_route=\/wp\/v2\/users\/5"}],"replies":[{"embeddable":true,"href":"https:\/\/www.gs-amelgatzen.de\/index.php?rest_route=%2Fwp%2Fv2%2Fcomments&post=1569"}],"version-history":[{"count":7,"href":"https:\/\/www.gs-amelgatzen.de\/index.php?rest_route=\/wp\/v2\/pages\/1569\/revisions"}],"predecessor-version":[{"id":12427,"href":"https:\/\/www.gs-amelgatzen.de\/index.php?rest_route=\/wp\/v2\/pages\/1569\/revisions\/12427"}],"wp:attachment":[{"href":"https:\/\/www.gs-amelgatzen.de\/index.php?rest_route=%2Fwp%2Fv2%2Fmedia&parent=1569"}],"curies":[{"name":"wp","href":"https:\/\/api.w.org\/{rel}","templated":true}]}}