{"id":119,"date":"2017-10-16T15:15:12","date_gmt":"2017-10-16T15:15:12","guid":{"rendered":"http:\/\/gsamelgatzen.apps-1and1.net\/?page_id=119"},"modified":"2025-11-25T20:15:05","modified_gmt":"2025-11-25T19:15:05","slug":"foerderverein","status":"publish","type":"page","link":"https:\/\/www.gs-amelgatzen.de\/?page_id=119","title":{"rendered":"F\u00f6rderverein"},"content":{"rendered":"<p>Liebe Kinder, Liebe Eltern und Freunde der Grundschule Amelgatzen<\/p>\n<p>Hier erhalten Sie einen kleinen Einblick in die Arbeit des F\u00f6rdervereins unserer Schule.<\/p>\n<p>Viele Projekte sind in der Vergangenheit vom F\u00f6rderkreis unterst\u00fctzt worden, wie z.B. Autorenlesungen, Preise f\u00fcr das Leseprojekt &#8222;Antolin&#8220;, Pausenspielger\u00e4te oder unsere Schul T-Shirts.<\/p>\n<p>Zum klaren Verst\u00e4ndnis: Wir tun das f\u00fcr\u00a0Ihre Kinder! Denn wenn wir es nicht tun, tut es niemand. Nichts ist\u00a0selbstverst\u00e4ndlich.<\/p>\n<p>Daher bitten wir Sie,\u00a0unterst\u00fctzen Sie uns und werden Sie Mitglied im F\u00f6rderverein der VGS Amelgatzen e.V.,\u00a0sprechen Sie uns an oder schreiben Sie uns eine Nachricht \u00fcber das Kontaktformular.<\/p>\n<p>Wir freuen uns \u00fcber jede helfende Hand, jeden noch so kleinen Beitrag oder auch \u00fcber nette Worte.<\/p>\n<p>Herzliche Gr\u00fc\u00dfe<\/p>\n<p>Der F\u00f6rderverein der VGS Amelgatzen e.V.<\/p>\n<p><a href=\"https:\/\/www.gs-amelgatzen.de\/wp-content\/uploads\/2025\/11\/Beitrittserklaerung_Foerderverein-IBAN-1.pdf\">Beitrittserkl\u00e4rung<\/a><\/p>\n","protected":false},"excerpt":{"rendered":"<p>Liebe Kinder, Liebe Eltern und Freunde der Grundschule Amelgatzen Hier erhalten Sie einen kleinen Einblick in die Arbeit des F\u00f6rdervereins unserer Schule. Viele Projekte sind in der Vergangenheit vom F\u00f6rderkreis unterst\u00fctzt worden, wie z.B. Autorenlesungen, Preise f\u00fcr das Leseprojekt &#8222;Antolin&#8220;, Pausenspielger\u00e4te oder unsere Schul T-Shirts. Zum klaren Verst\u00e4ndnis: Wir tun das f\u00fcr\u00a0Ihre Kinder! Denn wenn [&hellip;]<\/p>\n","protected":false},"author":2,"featured_media":0,"parent":0,"menu_order":0,"comment_status":"closed","ping_status":"closed","template":"","meta":{"footnotes":""},"_links":{"self":[{"href":"https:\/\/www.gs-amelgatzen.de\/index.php?rest_route=\/wp\/v2\/pages\/119"}],"collection":[{"href":"https:\/\/www.gs-amelgatzen.de\/index.php?rest_route=\/wp\/v2\/pages"}],"about":[{"href":"https:\/\/www.gs-amelgatzen.de\/index.php?rest_route=\/wp\/v2\/types\/page"}],"author":[{"embeddable":true,"href":"https:\/\/www.gs-amelgatzen.de\/index.php?rest_route=\/wp\/v2\/users\/2"}],"replies":[{"embeddable":true,"href":"https:\/\/www.gs-amelgatzen.de\/index.php?rest_route=%2Fwp%2Fv2%2Fcomments&post=119"}],"version-history":[{"count":5,"href":"https:\/\/www.gs-amelgatzen.de\/index.php?rest_route=\/wp\/v2\/pages\/119\/revisions"}],"predecessor-version":[{"id":73025,"href":"https:\/\/www.gs-amelgatzen.de\/index.php?rest_route=\/wp\/v2\/pages\/119\/revisions\/73025"}],"wp:attachment":[{"href":"https:\/\/www.gs-amelgatzen.de\/index.php?rest_route=%2Fwp%2Fv2%2Fmedia&parent=119"}],"curies":[{"name":"wp","href":"https:\/\/api.w.org\/{rel}","templated":true}]}}