{"id":107,"date":"2017-10-15T15:05:41","date_gmt":"2017-10-15T15:05:41","guid":{"rendered":"http:\/\/gsamelgatzen.apps-1and1.net\/?page_id=107"},"modified":"2023-02-17T15:52:32","modified_gmt":"2023-02-17T14:52:32","slug":"schulelternrat","status":"publish","type":"page","link":"https:\/\/www.gs-amelgatzen.de\/?page_id=107","title":{"rendered":"Schulelternrat"},"content":{"rendered":"<div class=\"entry-content\">\n<h2>Was ist der Schulelternrat?<\/h2>\n<p>&nbsp;<\/p>\n<p>Der Schulelternrat (SER) ist ein eigenst\u00e4ndiges Organ der Schule nach dem NSchG. Der Schulelternrat wird nicht gew\u00e4hlt, sondern aus den beiden gleichberechtigten Elternvertreterinnen und -vertetern (EV) aller Klassenelternschaften gebildet. Die Mitglieder des Schulelternrates, deren Kinder die Schule noch nicht verlassen haben, f\u00fchren \u2013 nach Ablauf ihrer Wahlperiode \u2013 ihr Amt bis zu den Neuwahlen (l\u00e4ngstens f\u00fcr einen Zeitraum von 3 Monaten) fort.<\/p>\n<p>Der SER w\u00e4hlt in seiner ersten Sitzung im Schuljahr seine Vertreterinnen und Vertreter in den Schulgremien.. Zu den Schulgremien geh\u00f6ren der Schulvorstand (SV), die Gesamtkonferenz (GK), sowie die Fachkonferenzen (FK).<\/p>\n<p>&nbsp;<\/p>\n<h2>Aufgaben des Schulelternrates<\/h2>\n<p>&nbsp;<\/p>\n<p>Die Mitglieder des SER vertreten die Interessen der Elternschaft der Schule. Sie arbeiten vertrauensvoll und konstruktiv zusammen. Sie f\u00fchren ihr Amt in eigener Verantwortung und unparteiisch zum Wohl der Schule. Dieses bedingt eine vertrauensvolle Zusammenarbeit zwischen Eltern, Lehrern und Sch\u00fclern. Die Mitglieder des SER berichten in ihrer Klassenelternschaft \u00fcber ihre T\u00e4tigkeit unter Wahrung der gegebenenfalls gebotenen Vertraulichkeit.<\/p>\n<p>Vom SER k\u00f6nnen alle schulischen Fragen er\u00f6rtert werden; vor allem muss der Schulelternrat vor wichtigen Entscheidungen in der Schule \u2013 z.B. bei Aufstellung von Grunds\u00e4tzen f\u00fcr die Leistungsbewertung, bei \u00c4nderungen der Organisation in der Schule, z.B. bei der Teilung von Klassen, bei der Einf\u00fchrung von neuen Schulb\u00fcchern \u2013 geh\u00f6rt werden. Die Schulleitung hat dem SER die f\u00fcr seine Arbeit erforderlichen Ausk\u00fcnfte zu geben (\u00a7 96 (3) NSchG).<\/p>\n<p>Die gew\u00e4hlten ElternvertreterInnen in den Konferenzen und Aussch\u00fcssen (\u00a7 39 NSchG) berichten dem SER regelm\u00e4\u00dfig \u00fcber ihre T\u00e4tigkeit (\u00a7 96 (2) NSchG). Das Gebot der Vertraulichkeit ist gegebenenfalls zu beachten (\u00a7 41(2) NSchG). Der\/die Vorsitzende leitet die Sitzungen und Veranstaltungen des SER. Die Leitung kann im Einzelfall auf ein Mitglied des Vorstandes \u00fcbertragen werden.<\/p>\n<p>Der Schulelternrat kann in Versammlungen aller Erziehungsberechtigten der Sch\u00fcler der Schule \u00fcber seine T\u00e4tigkeit berichten.<\/p>\n<p>&nbsp;<\/p>\n<h2>Aufgaben der Mitglieder im Schulelternrat<\/h2>\n<p>&nbsp;<\/p>\n<p>Zu den Aufgaben der EV geh\u00f6ren<\/p>\n<ul>\n<li>der Besuch der SER-Sitzung<\/li>\n<li>die Information der Klassenelternschaften in Form eines Berichts \u2013auch m\u00fcndlich- \u00fcber die SER- Sitzung auf den Klassenelternabenden.<\/li>\n<li>die Ausf\u00fchrung der Beschl\u00fcsse des SER auf den Klassenelternabenden<\/li>\n<li>die Information des SER \u00fcber in den Klassen gefasste Beschl\u00fcsse.<\/li>\n<\/ul>\n<\/div>\n<p>Sie erreichen den Schulelternrat per Mail an <a href=\"mailto:schulelternrat@grundschule-amelgatzen.de\">schulelternrat@grundschule-amelgatzen.de<\/a><\/p>\n","protected":false},"excerpt":{"rendered":"<p>Was ist der Schulelternrat? &nbsp; Der Schulelternrat (SER) ist ein eigenst\u00e4ndiges Organ der Schule nach dem NSchG. Der Schulelternrat wird nicht gew\u00e4hlt, sondern aus den beiden gleichberechtigten Elternvertreterinnen und -vertetern (EV) aller Klassenelternschaften gebildet. Die Mitglieder des Schulelternrates, deren Kinder die Schule noch nicht verlassen haben, f\u00fchren \u2013 nach Ablauf ihrer Wahlperiode \u2013 ihr Amt [&hellip;]<\/p>\n","protected":false},"author":2,"featured_media":0,"parent":0,"menu_order":0,"comment_status":"closed","ping_status":"closed","template":"","meta":{"footnotes":""},"_links":{"self":[{"href":"https:\/\/www.gs-amelgatzen.de\/index.php?rest_route=\/wp\/v2\/pages\/107"}],"collection":[{"href":"https:\/\/www.gs-amelgatzen.de\/index.php?rest_route=\/wp\/v2\/pages"}],"about":[{"href":"https:\/\/www.gs-amelgatzen.de\/index.php?rest_route=\/wp\/v2\/types\/page"}],"author":[{"embeddable":true,"href":"https:\/\/www.gs-amelgatzen.de\/index.php?rest_route=\/wp\/v2\/users\/2"}],"replies":[{"embeddable":true,"href":"https:\/\/www.gs-amelgatzen.de\/index.php?rest_route=%2Fwp%2Fv2%2Fcomments&post=107"}],"version-history":[{"count":13,"href":"https:\/\/www.gs-amelgatzen.de\/index.php?rest_route=\/wp\/v2\/pages\/107\/revisions"}],"predecessor-version":[{"id":70982,"href":"https:\/\/www.gs-amelgatzen.de\/index.php?rest_route=\/wp\/v2\/pages\/107\/revisions\/70982"}],"wp:attachment":[{"href":"https:\/\/www.gs-amelgatzen.de\/index.php?rest_route=%2Fwp%2Fv2%2Fmedia&parent=107"}],"curies":[{"name":"wp","href":"https:\/\/api.w.org\/{rel}","templated":true}]}}